{"id":494,"date":"2025-01-02T23:56:48","date_gmt":"2025-01-02T22:56:48","guid":{"rendered":"https:\/\/mentoroadconsulting.com\/?page_id=494"},"modified":"2025-01-22T13:09:26","modified_gmt":"2025-01-22T12:09:26","slug":"mentoraitech-2","status":"publish","type":"page","link":"https:\/\/mentoroadconsulting.com\/?page_id=494","title":{"rendered":"MentorAiTech"},"content":{"rendered":"\t\t<div data-elementor-type=\"wp-page\" data-elementor-id=\"494\" class=\"elementor elementor-494\">\n\t\t\t\t<div class=\"elementor-element elementor-element-7c6d66b e-flex e-con-boxed e-con e-parent\" data-id=\"7c6d66b\" data-element_type=\"container\" data-e-type=\"container\">\n\t\t\t\t\t<div class=\"e-con-inner\">\n\t\t\t\t<div class=\"elementor-element elementor-element-ce83f5f elementor-widget elementor-widget-heading\" data-id=\"ce83f5f\" data-element_type=\"widget\" data-e-type=\"widget\" data-widget_type=\"heading.default\">\n\t\t\t\t<div class=\"elementor-widget-container\">\n\t\t\t\t\t<h3 class=\"elementor-heading-title elementor-size-default\">Engager la transformation positive des m\u00e9tiers gr\u00e2ce \u00e0 l\u2019IA\n<\/h3>\t\t\t\t<\/div>\n\t\t\t\t<\/div>\n\t\t\t\t<div class=\"elementor-element elementor-element-e1e921f elementor-widget elementor-widget-image\" data-id=\"e1e921f\" data-element_type=\"widget\" data-e-type=\"widget\" data-widget_type=\"image.default\">\n\t\t\t\t<div class=\"elementor-widget-container\">\n\t\t\t\t\t\t\t\t\t\t\t\t\t\t\t<img fetchpriority=\"high\" decoding=\"async\" width=\"1024\" height=\"378\" src=\"https:\/\/mentoroadconsulting.com\/wp-content\/uploads\/2025\/01\/freepik__upload__54861-1-1-1024x378.webp\" class=\"attachment-large size-large wp-image-586\" alt=\"Freepik Upload 54861 (1)\" srcset=\"https:\/\/mentoroadconsulting.com\/wp-content\/uploads\/2025\/01\/freepik__upload__54861-1-1-1024x378.webp 1024w, https:\/\/mentoroadconsulting.com\/wp-content\/uploads\/2025\/01\/freepik__upload__54861-1-1-300x111.webp 300w, https:\/\/mentoroadconsulting.com\/wp-content\/uploads\/2025\/01\/freepik__upload__54861-1-1-768x283.webp 768w, https:\/\/mentoroadconsulting.com\/wp-content\/uploads\/2025\/01\/freepik__upload__54861-1-1-1536x567.webp 1536w, https:\/\/mentoroadconsulting.com\/wp-content\/uploads\/2025\/01\/freepik__upload__54861-1-1.webp 2000w\" sizes=\"(max-width: 1024px) 100vw, 1024px\" \/>\t\t\t\t\t\t\t\t\t\t\t\t\t\t\t<\/div>\n\t\t\t\t<\/div>\n\t\t\t\t\t<\/div>\n\t\t\t\t<\/div>\n\t\t<div class=\"elementor-element elementor-element-b229ba9 e-flex e-con-boxed e-con e-parent\" data-id=\"b229ba9\" data-element_type=\"container\" data-e-type=\"container\">\n\t\t\t\t\t<div class=\"e-con-inner\">\n\t\t\t\t<div class=\"elementor-element elementor-element-1eed13e elementor-widget elementor-widget-spacer\" data-id=\"1eed13e\" data-element_type=\"widget\" data-e-type=\"widget\" data-widget_type=\"spacer.default\">\n\t\t\t\t<div class=\"elementor-widget-container\">\n\t\t\t\t\t\t\t<div class=\"elementor-spacer\">\n\t\t\t<div class=\"elementor-spacer-inner\"><\/div>\n\t\t<\/div>\n\t\t\t\t\t\t<\/div>\n\t\t\t\t<\/div>\n\t\t\t\t\t<\/div>\n\t\t\t\t<\/div>\n\t\t<div class=\"elementor-element elementor-element-4d64b83 e-flex e-con-boxed e-con e-parent\" data-id=\"4d64b83\" data-element_type=\"container\" data-e-type=\"container\">\n\t\t\t\t\t<div class=\"e-con-inner\">\n\t\t\t\t<div class=\"elementor-element elementor-element-5b565de elementor-widget elementor-widget-heading\" data-id=\"5b565de\" data-element_type=\"widget\" data-e-type=\"widget\" data-widget_type=\"heading.default\">\n\t\t\t\t<div class=\"elementor-widget-container\">\n\t\t\t\t\t<h4 class=\"elementor-heading-title elementor-size-default\">Nous connectons l\u2019IA \u00e0 l\u2019humain pour des solutions innovantes\n<\/h4>\t\t\t\t<\/div>\n\t\t\t\t<\/div>\n\t\t\t\t\t<\/div>\n\t\t\t\t<\/div>\n\t\t<div class=\"elementor-element elementor-element-2de359a e-con-full e-flex e-con e-parent\" data-id=\"2de359a\" data-element_type=\"container\" data-e-type=\"container\">\n\t\t<div class=\"elementor-element elementor-element-fd0e743 e-con-full e-flex e-con e-child\" data-id=\"fd0e743\" data-element_type=\"container\" data-e-type=\"container\">\n\t\t\t\t<div class=\"elementor-element elementor-element-44d258e elementor-widget__width-initial elementor-widget elementor-widget-text-editor\" data-id=\"44d258e\" data-element_type=\"widget\" data-e-type=\"widget\" data-widget_type=\"text-editor.default\">\n\t\t\t\t<div class=\"elementor-widget-container\">\n\t\t\t\t\t\t\t\t\t<p style=\"text-align: center;\"><strong>MentorAItech<\/strong>, filiale du cabinet\u00a0<strong>Mentoroad Consulting<\/strong>, se consacre \u00e0 former et conseiller les professionnels et les organisations qui souhaitent exceller dans l\u2019\u00e8re de l\u2019intelligence artificielle. En combinant expertise et innovation, MentorAItech propose des solutions adapt\u00e9es aux besoins actuels, allant de la mont\u00e9e en comp\u00e9tences des \u00e9quipes \u00e0 l\u2019int\u00e9gration de strat\u00e9gies d\u2019IA performantes. Cette filiale incarne la vision de Mentoroad Consulting : accompagner les acteurs d\u2019aujourd\u2019hui pour b\u00e2tir les succ\u00e8s de demain, gr\u00e2ce \u00e0 une ma\u00eetrise efficace des outils et des opportunit\u00e9s offerts par l\u2019intelligence artificielle.<\/p>\t\t\t\t\t\t\t\t<\/div>\n\t\t\t\t<\/div>\n\t\t\t\t<\/div>\n\t\t\t\t<\/div>\n\t\t<div class=\"elementor-element elementor-element-a43d37a e-flex e-con-boxed e-con e-parent\" data-id=\"a43d37a\" data-element_type=\"container\" data-e-type=\"container\">\n\t\t\t\t\t<div class=\"e-con-inner\">\n\t\t\t\t<div class=\"elementor-element elementor-element-97428b3 elementor-widget elementor-widget-spacer\" data-id=\"97428b3\" data-element_type=\"widget\" data-e-type=\"widget\" data-widget_type=\"spacer.default\">\n\t\t\t\t<div class=\"elementor-widget-container\">\n\t\t\t\t\t\t\t<div class=\"elementor-spacer\">\n\t\t\t<div class=\"elementor-spacer-inner\"><\/div>\n\t\t<\/div>\n\t\t\t\t\t\t<\/div>\n\t\t\t\t<\/div>\n\t\t\t\t\t<\/div>\n\t\t\t\t<\/div>\n\t\t<div class=\"elementor-element elementor-element-111b688 e-flex e-con-boxed e-con e-parent\" data-id=\"111b688\" data-element_type=\"container\" data-e-type=\"container\">\n\t\t\t\t\t<div class=\"e-con-inner\">\n\t\t\t\t<div class=\"elementor-element elementor-element-f18976d elementor-widget elementor-widget-heading\" data-id=\"f18976d\" data-element_type=\"widget\" data-e-type=\"widget\" data-widget_type=\"heading.default\">\n\t\t\t\t<div class=\"elementor-widget-container\">\n\t\t\t\t\t<h4 class=\"elementor-heading-title elementor-size-default\">Nos objectifs cl\u00e9s pour l\u2019int\u00e9gration de l\u2019intelligence artificielle (IA)\n\n<\/h4>\t\t\t\t<\/div>\n\t\t\t\t<\/div>\n\t\t\t\t\t<\/div>\n\t\t\t\t<\/div>\n\t\t<div class=\"elementor-element elementor-element-61d319a e-flex e-con-boxed e-con e-parent\" data-id=\"61d319a\" data-element_type=\"container\" data-e-type=\"container\">\n\t\t\t\t\t<div class=\"e-con-inner\">\n\t\t\t\t<div class=\"elementor-element elementor-element-144cf3c elementor-widget elementor-widget-spacer\" data-id=\"144cf3c\" data-element_type=\"widget\" data-e-type=\"widget\" data-widget_type=\"spacer.default\">\n\t\t\t\t<div class=\"elementor-widget-container\">\n\t\t\t\t\t\t\t<div class=\"elementor-spacer\">\n\t\t\t<div class=\"elementor-spacer-inner\"><\/div>\n\t\t<\/div>\n\t\t\t\t\t\t<\/div>\n\t\t\t\t<\/div>\n\t\t\t\t\t<\/div>\n\t\t\t\t<\/div>\n\t\t<div class=\"elementor-element elementor-element-9a9a130 e-flex e-con-boxed e-con e-parent\" data-id=\"9a9a130\" data-element_type=\"container\" data-e-type=\"container\">\n\t\t\t\t\t<div class=\"e-con-inner\">\n\t\t\t\t<div class=\"elementor-element elementor-element-d884003 elementor-widget elementor-widget-heading\" data-id=\"d884003\" data-element_type=\"widget\" data-e-type=\"widget\" data-widget_type=\"heading.default\">\n\t\t\t\t<div class=\"elementor-widget-container\">\n\t\t\t\t\t<div class=\"elementor-heading-title elementor-size-default\">\u00ab Lib\u00e9rez le potentiel de l\u2019intelligence artificielle pour optimiser vos performances, innover et atteindre vos objectifs. \u00bb\n\n<\/div>\t\t\t\t<\/div>\n\t\t\t\t<\/div>\n\t\t\t\t\t<\/div>\n\t\t\t\t<\/div>\n\t\t<div class=\"elementor-element elementor-element-fc3d614 e-flex e-con-boxed e-con e-parent\" data-id=\"fc3d614\" data-element_type=\"container\" data-e-type=\"container\">\n\t\t\t\t\t<div class=\"e-con-inner\">\n\t\t\t\t<div class=\"elementor-element elementor-element-7952da7 elementor-widget elementor-widget-spacer\" data-id=\"7952da7\" data-element_type=\"widget\" data-e-type=\"widget\" data-widget_type=\"spacer.default\">\n\t\t\t\t<div class=\"elementor-widget-container\">\n\t\t\t\t\t\t\t<div class=\"elementor-spacer\">\n\t\t\t<div class=\"elementor-spacer-inner\"><\/div>\n\t\t<\/div>\n\t\t\t\t\t\t<\/div>\n\t\t\t\t<\/div>\n\t\t\t\t\t<\/div>\n\t\t\t\t<\/div>\n\t\t<div class=\"elementor-element elementor-element-3c46ac0 e-flex e-con-boxed e-con e-parent\" data-id=\"3c46ac0\" data-element_type=\"container\" data-e-type=\"container\">\n\t\t\t\t\t<div class=\"e-con-inner\">\n\t\t<div class=\"elementor-element elementor-element-287d75b e-con-full e-flex e-con e-child\" data-id=\"287d75b\" data-element_type=\"container\" data-e-type=\"container\">\n\t\t\t\t<div class=\"elementor-element elementor-element-9e0dcd6 elementor-widget elementor-widget-heading\" data-id=\"9e0dcd6\" data-element_type=\"widget\" data-e-type=\"widget\" data-widget_type=\"heading.default\">\n\t\t\t\t<div class=\"elementor-widget-container\">\n\t\t\t\t\t<h6 class=\"elementor-heading-title elementor-size-default\">Identifier les opportunit\u00e9s et d\u00e9fis de l\u2019IA\n\n<\/h6>\t\t\t\t<\/div>\n\t\t\t\t<\/div>\n\t\t\t\t<div class=\"elementor-element elementor-element-7c9b308 elementor-widget elementor-widget-text-editor\" data-id=\"7c9b308\" data-element_type=\"widget\" data-e-type=\"widget\" data-widget_type=\"text-editor.default\">\n\t\t\t\t<div class=\"elementor-widget-container\">\n\t\t\t\t\t\t\t\t\t<p>\u2013 Analysez les secteurs o\u00f9 l\u2019IA peut am\u00e9liorer vos processus.<br \/>\u2013 Identifiez les obstacles li\u00e9s \u00e0 l\u2019adoption de ces technologies.<br \/>\u2013 \u00c9valuez les b\u00e9n\u00e9fices potentiels pour optimiser vos performances.<\/p>\t\t\t\t\t\t\t\t<\/div>\n\t\t\t\t<\/div>\n\t\t\t\t<\/div>\n\t\t<div class=\"elementor-element elementor-element-7eeb0cd e-con-full e-flex e-con e-child\" data-id=\"7eeb0cd\" data-element_type=\"container\" data-e-type=\"container\">\n\t\t\t\t<div class=\"elementor-element elementor-element-0884e4a elementor-widget elementor-widget-heading\" data-id=\"0884e4a\" data-element_type=\"widget\" data-e-type=\"widget\" data-widget_type=\"heading.default\">\n\t\t\t\t<div class=\"elementor-widget-container\">\n\t\t\t\t\t<h6 class=\"elementor-heading-title elementor-size-default\">D\u00e9finir des objectifs \u00e0 long terme pour l\u2019int\u00e9gration strat\u00e9gique de l\u2019IA\n\n<\/h6>\t\t\t\t<\/div>\n\t\t\t\t<\/div>\n\t\t\t\t<div class=\"elementor-element elementor-element-f2e0010 elementor-widget elementor-widget-text-editor\" data-id=\"f2e0010\" data-element_type=\"widget\" data-e-type=\"widget\" data-widget_type=\"text-editor.default\">\n\t\t\t\t<div class=\"elementor-widget-container\">\n\t\t\t\t\t\t\t\t\t<p>\u2013 Clarifiez votre vision et vos priorit\u00e9s en mati\u00e8re d\u2019IA.<br \/>\u2013 \u00c9laborez un plan pour une adoption progressive et efficace.<br \/>\u2013 Int\u00e9grez l\u2019IA en harmonie avec vos objectifs organisationnels..<\/p>\t\t\t\t\t\t\t\t<\/div>\n\t\t\t\t<\/div>\n\t\t\t\t<\/div>\n\t\t<div class=\"elementor-element elementor-element-8634807 e-con-full e-flex e-con e-child\" data-id=\"8634807\" data-element_type=\"container\" data-e-type=\"container\">\n\t\t\t\t<div class=\"elementor-element elementor-element-ac3c2fc elementor-widget elementor-widget-heading\" data-id=\"ac3c2fc\" data-element_type=\"widget\" data-e-type=\"widget\" data-widget_type=\"heading.default\">\n\t\t\t\t<div class=\"elementor-widget-container\">\n\t\t\t\t\t<h6 class=\"elementor-heading-title elementor-size-default\">Accompagner le d\u00e9veloppement de comp\u00e9tences li\u00e9es \u00e0 l\u2019IA\n\n<\/h6>\t\t\t\t<\/div>\n\t\t\t\t<\/div>\n\t\t\t\t<div class=\"elementor-element elementor-element-ae039c8 elementor-widget elementor-widget-text-editor\" data-id=\"ae039c8\" data-element_type=\"widget\" data-e-type=\"widget\" data-widget_type=\"text-editor.default\">\n\t\t\t\t<div class=\"elementor-widget-container\">\n\t\t\t\t\t\t\t\t\t<p>\u2013 Formez vos \u00e9quipes aux outils et concepts essentiels de l\u2019IA.<br \/>\u2013 Encouragez l\u2019innovation en renfor\u00e7ant les capacit\u00e9s internes.<br \/>\u2013 Cr\u00e9ez une culture d\u2019apprentissage continu autour de l\u2019IA.<\/p>\t\t\t\t\t\t\t\t<\/div>\n\t\t\t\t<\/div>\n\t\t\t\t<\/div>\n\t\t\t\t\t<\/div>\n\t\t\t\t<\/div>\n\t\t<div class=\"elementor-element elementor-element-955de9c e-flex e-con-boxed e-con e-parent\" data-id=\"955de9c\" data-element_type=\"container\" data-e-type=\"container\">\n\t\t\t\t\t<div class=\"e-con-inner\">\n\t\t\t\t<div class=\"elementor-element elementor-element-8b9a707 elementor-widget elementor-widget-spacer\" data-id=\"8b9a707\" data-element_type=\"widget\" data-e-type=\"widget\" data-widget_type=\"spacer.default\">\n\t\t\t\t<div class=\"elementor-widget-container\">\n\t\t\t\t\t\t\t<div class=\"elementor-spacer\">\n\t\t\t<div class=\"elementor-spacer-inner\"><\/div>\n\t\t<\/div>\n\t\t\t\t\t\t<\/div>\n\t\t\t\t<\/div>\n\t\t\t\t\t<\/div>\n\t\t\t\t<\/div>\n\t\t<div class=\"elementor-element elementor-element-72e1e48 e-flex e-con-boxed e-con e-parent\" data-id=\"72e1e48\" data-element_type=\"container\" data-e-type=\"container\">\n\t\t\t\t\t<div class=\"e-con-inner\">\n\t\t\t\t<div class=\"elementor-element elementor-element-303ab33 elementor-widget elementor-widget-heading\" data-id=\"303ab33\" data-element_type=\"widget\" data-e-type=\"widget\" data-widget_type=\"heading.default\">\n\t\t\t\t<div class=\"elementor-widget-container\">\n\t\t\t\t\t<h2 class=\"elementor-heading-title elementor-size-default\">Envie d\u2019exploiter les technologies d\u2019IA pour booster votre comp\u00e9titivit\u00e9 ?  \n<\/h2>\t\t\t\t<\/div>\n\t\t\t\t<\/div>\n\t\t\t\t\t<\/div>\n\t\t\t\t<\/div>\n\t\t<div class=\"elementor-element elementor-element-d71f12c e-flex e-con-boxed e-con e-parent\" data-id=\"d71f12c\" data-element_type=\"container\" data-e-type=\"container\">\n\t\t\t\t\t<div class=\"e-con-inner\">\n\t\t\t\t<div class=\"elementor-element elementor-element-68755a7 elementor-align-center elementor-widget elementor-widget-button\" data-id=\"68755a7\" data-element_type=\"widget\" data-e-type=\"widget\" data-widget_type=\"button.default\">\n\t\t\t\t<div class=\"elementor-widget-container\">\n\t\t\t\t\t\t\t\t\t<div class=\"elementor-button-wrapper\">\n\t\t\t\t\t<a class=\"elementor-button elementor-button-link elementor-size-sm\" href=\"\">\n\t\t\t\t\t\t<span class=\"elementor-button-content-wrapper\">\n\t\t\t\t\t\t\t\t\t<span class=\"elementor-button-text\">Contactez-nous d\u00e8s maintenant !<\/span>\n\t\t\t\t\t<\/span>\n\t\t\t\t\t<\/a>\n\t\t\t\t<\/div>\n\t\t\t\t\t\t\t\t<\/div>\n\t\t\t\t<\/div>\n\t\t\t\t\t<\/div>\n\t\t\t\t<\/div>\n\t\t<div class=\"elementor-element elementor-element-182a4af e-flex e-con-boxed e-con e-parent\" data-id=\"182a4af\" data-element_type=\"container\" data-e-type=\"container\">\n\t\t\t\t\t<div class=\"e-con-inner\">\n\t\t\t\t<div class=\"elementor-element elementor-element-63d52b5 elementor-widget elementor-widget-image\" data-id=\"63d52b5\" data-element_type=\"widget\" data-e-type=\"widget\" data-widget_type=\"image.default\">\n\t\t\t\t<div class=\"elementor-widget-container\">\n\t\t\t\t\t\t\t\t\t\t\t\t\t\t\t<img decoding=\"async\" width=\"746\" height=\"467\" src=\"https:\/\/mentoroadconsulting.com\/wp-content\/uploads\/2025\/01\/iStock-1452604857.jpg\" class=\"attachment-2048x2048 size-2048x2048 wp-image-593\" alt=\"Businessman Touching The Brain Working Of Artificial Intelligence (ai) Automation, Predictive Analytics, Customer Service Ai Powered Chatbot, Analyze Customer Data, Business And Technology\" srcset=\"https:\/\/mentoroadconsulting.com\/wp-content\/uploads\/2025\/01\/iStock-1452604857.jpg 746w, https:\/\/mentoroadconsulting.com\/wp-content\/uploads\/2025\/01\/iStock-1452604857-300x188.jpg 300w\" sizes=\"(max-width: 746px) 100vw, 746px\" \/>\t\t\t\t\t\t\t\t\t\t\t\t\t\t\t<\/div>\n\t\t\t\t<\/div>\n\t\t\t\t\t<\/div>\n\t\t\t\t<\/div>\n\t\t\t\t<\/div>\n\t\t","protected":false},"excerpt":{"rendered":"<p>Engager la transformation positive des m\u00e9tiers gr\u00e2ce \u00e0 l\u2019IA Nous connectons l\u2019IA \u00e0 l\u2019humain pour des solutions innovantes MentorAItech, filiale [&hellip;]<\/p>\n","protected":false},"author":2,"featured_media":0,"parent":0,"menu_order":0,"comment_status":"closed","ping_status":"closed","template":"","meta":{"site-sidebar-layout":"default","site-content-layout":"","ast-site-content-layout":"default","site-content-style":"default","site-sidebar-style":"default","ast-global-header-display":"","ast-banner-title-visibility":"","ast-main-header-display":"","ast-hfb-above-header-display":"","ast-hfb-below-header-display":"","ast-hfb-mobile-header-display":"","site-post-title":"","ast-breadcrumbs-content":"","ast-featured-img":"","footer-sml-layout":"","ast-disable-related-posts":"","theme-transparent-header-meta":"","adv-header-id-meta":"","stick-header-meta":"","header-above-stick-meta":"","header-main-stick-meta":"","header-below-stick-meta":"","astra-migrate-meta-layouts":"default","ast-page-background-enabled":"default","ast-page-background-meta":{"desktop":{"background-color":"var(--ast-global-color-4)","background-image":"","background-repeat":"repeat","background-position":"center center","background-size":"auto","background-attachment":"scroll","background-type":"","background-media":"","overlay-type":"","overlay-color":"","overlay-opacity":"","overlay-gradient":""},"tablet":{"background-color":"","background-image":"","background-repeat":"repeat","background-position":"center center","background-size":"auto","background-attachment":"scroll","background-type":"","background-media":"","overlay-type":"","overlay-color":"","overlay-opacity":"","overlay-gradient":""},"mobile":{"background-color":"","background-image":"","background-repeat":"repeat","background-position":"center center","background-size":"auto","background-attachment":"scroll","background-type":"","background-media":"","overlay-type":"","overlay-color":"","overlay-opacity":"","overlay-gradient":""}},"ast-content-background-meta":{"desktop":{"background-color":"var(--ast-global-color-5)","background-image":"","background-repeat":"repeat","background-position":"center center","background-size":"auto","background-attachment":"scroll","background-type":"","background-media":"","overlay-type":"","overlay-color":"","overlay-opacity":"","overlay-gradient":""},"tablet":{"background-color":"var(--ast-global-color-5)","background-image":"","background-repeat":"repeat","background-position":"center center","background-size":"auto","background-attachment":"scroll","background-type":"","background-media":"","overlay-type":"","overlay-color":"","overlay-opacity":"","overlay-gradient":""},"mobile":{"background-color":"var(--ast-global-color-5)","background-image":"","background-repeat":"repeat","background-position":"center center","background-size":"auto","background-attachment":"scroll","background-type":"","background-media":"","overlay-type":"","overlay-color":"","overlay-opacity":"","overlay-gradient":""}},"slim_seo":{"title":"MentorAiTech","description":"Engager la transformation positive des m\u00e9tiers gr\u00e2ce \u00e0 l\u2019IA Nous connectons l\u2019IA \u00e0 l\u2019humain pour des solutions innovantes MentorAItech , filiale du cabinet\u00a0 Men"},"footnotes":""},"class_list":["post-494","page","type-page","status-publish","hentry"],"rttpg_featured_image_url":null,"rttpg_author":{"display_name":"zakaria maghnaoui","author_link":"https:\/\/mentoroadconsulting.com\/author\/mentoroadconsulting"},"rttpg_comment":0,"rttpg_category":null,"rttpg_excerpt":"Engager la transformation positive des m\u00e9tiers gr\u00e2ce \u00e0 l\u2019IA Nous connectons l\u2019IA \u00e0 l\u2019humain pour des solutions innovantes MentorAItech, filiale [&hellip;]","_links":{"self":[{"href":"https:\/\/mentoroadconsulting.com\/index.php?rest_route=\/wp\/v2\/pages\/494","targetHints":{"allow":["GET"]}}],"collection":[{"href":"https:\/\/mentoroadconsulting.com\/index.php?rest_route=\/wp\/v2\/pages"}],"about":[{"href":"https:\/\/mentoroadconsulting.com\/index.php?rest_route=\/wp\/v2\/types\/page"}],"author":[{"embeddable":true,"href":"https:\/\/mentoroadconsulting.com\/index.php?rest_route=\/wp\/v2\/users\/2"}],"replies":[{"embeddable":true,"href":"https:\/\/mentoroadconsulting.com\/index.php?rest_route=%2Fwp%2Fv2%2Fcomments&post=494"}],"version-history":[{"count":26,"href":"https:\/\/mentoroadconsulting.com\/index.php?rest_route=\/wp\/v2\/pages\/494\/revisions"}],"predecessor-version":[{"id":596,"href":"https:\/\/mentoroadconsulting.com\/index.php?rest_route=\/wp\/v2\/pages\/494\/revisions\/596"}],"wp:attachment":[{"href":"https:\/\/mentoroadconsulting.com\/index.php?rest_route=%2Fwp%2Fv2%2Fmedia&parent=494"}],"curies":[{"name":"wp","href":"https:\/\/api.w.org\/{rel}","templated":true}]}}